{"id":39,"date":"2023-01-16T13:14:25","date_gmt":"2023-01-16T13:14:25","guid":{"rendered":"https:\/\/bikeandboatcroatia.com\/about-us\/"},"modified":"2024-07-30T07:04:15","modified_gmt":"2024-07-30T07:04:15","slug":"over-ons","status":"publish","type":"page","link":"https:\/\/bikeandboatcroatia.com\/nl\/about-us\/","title":{"rendered":"Over ons"},"content":{"rendered":"<p>Ik werk al vele jaren in het toerisme en ik heb altijd iets unieks willen cre\u00ebren dat mijn creatieve vonk zou weerspiegelen.&nbsp;<\/p>\n\n\n\n<p>Kroati\u00eb is altijd een van mijn favoriete zomerbestemmingen geweest. Kiezelstranden, kristalhelder water, eindeloze dagen zon en een heerlijke keuken zijn maar een paar van de dingen die het geweldig maken.<\/p>\n\n\n\n<p>Maar, zoals ik al zei, ik ben een avontuurlijke ziel. Ik probeer altijd iets unieks aan mijn vakanties toe te voegen. En Kroati\u00eb heeft toevallig de <strong>ideaal landschap om te fietsen<\/strong> met zijn schilderachtige kustlijn en eilanden.<\/p>\n\n\n\n<figure class=\"wp-block-image size-large\"><img loading=\"lazy\" decoding=\"async\" width=\"1024\" height=\"768\" src=\"https:\/\/bikeandboatcroatia.com\/wp-content\/uploads\/cyclist-croatia-1024x768.webp\" alt=\"Fietser kroati\u00eb\" class=\"wp-image-493\" srcset=\"https:\/\/bikeandboatcroatia.com\/wp-content\/uploads\/cyclist-croatia-1024x768.webp 1024w, https:\/\/bikeandboatcroatia.com\/wp-content\/uploads\/cyclist-croatia-300x225.webp 300w, https:\/\/bikeandboatcroatia.com\/wp-content\/uploads\/cyclist-croatia-768x576.webp 768w, https:\/\/bikeandboatcroatia.com\/wp-content\/uploads\/cyclist-croatia-1536x1152.webp 1536w, https:\/\/bikeandboatcroatia.com\/wp-content\/uploads\/cyclist-croatia-2048x1536.webp 2048w, https:\/\/bikeandboatcroatia.com\/wp-content\/uploads\/cyclist-croatia-16x12.webp 16w, https:\/\/bikeandboatcroatia.com\/wp-content\/uploads\/cyclist-croatia-scaled.webp 1920w\" sizes=\"auto, (max-width: 1024px) 100vw, 1024px\" \/><figcaption class=\"wp-element-caption\">Eindeloze zee, maximaal comfort en avontuurlijk fietsen<\/figcaption><\/figure>\n\n\n\n<p>Daarom leek een eilandhoppende fiets- en bootvakantie in Kroati\u00eb me altijd al een spannend idee. Door Kroati\u00eb Fiets en Boot op te richten, kan ik mijn uitgebreide kennis van Kroati\u00eb delen en <strong>je helpen je vakantie te co\u00f6rdineren<\/strong> zoals ik al velen eerder heb geholpen.<\/p>\n\n\n\n<p>Onze reizen zijn zorgvuldig ontworpen, met jaren van onderzoek en ervaring. Daarom kunnen we erop vertrouwen dat al onze klanten tevreden zullen zijn met hun reis en mogelijk opnieuw met ons willen reizen.<\/p>\n\n\n\n<h2 class=\"wp-block-heading\">Een team van toegewijde reisexperts<\/h2>\n\n\n\n<p>In de loop der jaren heb ik een team om me heen verzameld. Het team bestaat uit mensen met dezelfde passie voor reizen als ik en die zich inzetten om <strong>andere mensen helpen hun droomvakantie te beleven<\/strong>. We hebben allemaal ervaring op het gebied van toerisme en er is geen probleem waar we nog niet mee te maken hebben gehad.<\/p>\n\n\n\n<p>We zijn klaar voor alles wat je naar ons toe kunt gooien.<\/p>\n\n\n\n<figure class=\"wp-block-image size-large\"><img loading=\"lazy\" decoding=\"async\" width=\"1024\" height=\"683\" src=\"https:\/\/bikeandboatcroatia.com\/wp-content\/uploads\/biking-croatia-1024x683.webp\" alt=\"Fietsen in Kroati\u00eb\" class=\"wp-image-490\" srcset=\"https:\/\/bikeandboatcroatia.com\/wp-content\/uploads\/biking-croatia-1024x683.webp 1024w, https:\/\/bikeandboatcroatia.com\/wp-content\/uploads\/biking-croatia-300x200.webp 300w, https:\/\/bikeandboatcroatia.com\/wp-content\/uploads\/biking-croatia-768x512.webp 768w, https:\/\/bikeandboatcroatia.com\/wp-content\/uploads\/biking-croatia-1536x1024.webp 1536w, https:\/\/bikeandboatcroatia.com\/wp-content\/uploads\/biking-croatia-2048x1365.webp 2048w, https:\/\/bikeandboatcroatia.com\/wp-content\/uploads\/biking-croatia-18x12.webp 18w, https:\/\/bikeandboatcroatia.com\/wp-content\/uploads\/biking-croatia-scaled.webp 1920w\" sizes=\"auto, (max-width: 1024px) 100vw, 1024px\" \/><figcaption class=\"wp-element-caption\">Onze vakanties zullen je niet teleurstellen<\/figcaption><\/figure>\n\n\n\n<p>Het is onze taak om je fiets- en bootvakantie zo aangenaam mogelijk te maken.<strong> probleemloos<\/strong> door je te ontlasten van alle onnodige taken en ervoor te zorgen dat alles soepel verloopt. We zijn ervan overtuigd dat we dat kunnen bereiken, net zoals we dat tot nu toe met duizenden van onze klanten hebben gedaan.<\/p>\n\n\n\n<h2 class=\"wp-block-heading\">Boek je fiets- en bootavontuur!<\/h2>\n\n\n\n<p>Als je een fiets- en boottocht langs de Adriatische kust wilt maken, is het het gemakkelijkst om bij ons een tour te boeken en <strong>wij zorgen voor alles<\/strong> anders. Wij brengen je onder in de hut van je voorkeur, geven je lokale tips en bieden je 24\/7 ondersteuning, terwijl de bemanning en fietsgidsen van de boot ervoor zorgen dat je alles hebt wat je nodig hebt tijdens de cruise.<\/p>\n\n\n\n<p>Bekijk onze selectie van de beste <a href=\"https:\/\/bikeandboatcroatia.com\/nl\/rondleidingen\/\">eilandhoppen per fiets en boot in Kroati\u00eb<\/a>Kies de gewenste data voor je bezoek en <a href=\"https:\/\/bikeandboatcroatia.com\/nl\/onderzoek\/\">neem contact met ons op<\/a> zodat we kunnen beginnen met het afronden van je boeking!<\/p>\n\n\n\n<figure class=\"wp-block-image size-large is-resized\"><img loading=\"lazy\" decoding=\"async\" width=\"1024\" height=\"682\" src=\"https:\/\/bikeandboatcroatia.com\/wp-content\/uploads\/ps-ship-1-7-1024x682.webp\" alt=\"Ps schip\" class=\"wp-image-546\" style=\"width:1190px;height:auto\" srcset=\"https:\/\/bikeandboatcroatia.com\/wp-content\/uploads\/ps-ship-1-7-1024x682.webp 1024w, https:\/\/bikeandboatcroatia.com\/wp-content\/uploads\/ps-ship-1-7-300x200.webp 300w, https:\/\/bikeandboatcroatia.com\/wp-content\/uploads\/ps-ship-1-7-768x512.webp 768w, https:\/\/bikeandboatcroatia.com\/wp-content\/uploads\/ps-ship-1-7-1536x1023.webp 1536w, https:\/\/bikeandboatcroatia.com\/wp-content\/uploads\/ps-ship-1-7-18x12.webp 18w, https:\/\/bikeandboatcroatia.com\/wp-content\/uploads\/ps-ship-1-7.webp 1600w\" sizes=\"auto, (max-width: 1024px) 100vw, 1024px\" \/><figcaption class=\"wp-element-caption\">Allemaal aan boord!<\/figcaption><\/figure>\n\n\n\n<p>Als je het gevoel hebt dat onze diensten niet in jouw straatje passen, kun je een kijkje nemen bij onze partners, die elk een onvergetelijke vakantie aan de Kroatische zee bieden:<\/p>\n\n\n\n<ul class=\"wp-block-list\">\n<li><a href=\"https:\/\/croatiaislandcruises.com\/\">Kroati\u00eb Eiland Cruises<\/a><\/li>\n\n\n\n<li><a href=\"https:\/\/luxuryyachtchartercroatia.com\/\">Luxe jachtverhuur Kroati\u00eb<\/a><\/li>\n\n\n\n<li><a href=\"https:\/\/croatia-gulet.com\/\">Kroati\u00eb Gulet<\/a><\/li>\n\n\n\n<li><a href=\"https:\/\/smallshipcruisescroatia.com\/\">Klein Schip Cruises Kroati\u00eb<\/a><\/li>\n\n\n\n<li><a href=\"https:\/\/island-hopping-croatia.com\/\">Eilandhoppen Kroati\u00eb<\/a><\/li>\n<\/ul>\n\n\n\n<p>En er zijn ook andere manieren om van Kroati\u00eb te genieten, dus daar kun je ook naar kijken:<\/p>\n\n\n\n<ul class=\"wp-block-list\">\n<li><a href=\"https:\/\/croatia-tours.com\/\">Rondleidingen Kroati\u00eb<\/a><\/li>\n\n\n\n<li><a href=\"https:\/\/activityholidayscroatia.com\/\">Activiteit vakantie Kroati\u00eb<\/a><\/li>\n\n\n\n<li><a href=\"https:\/\/familyholidayscroatia.com\/\">Familievakantie Kroati\u00eb<\/a><\/li>\n<\/ul>\n\n\n\n<p>Voor degenen die hun fiets- en bootavontuur willen aanvullen met een bruisende en energieke ervaring, raden we aan om het volgende te ontdekken <a href=\"https:\/\/hvar-boat-party.com\/\">Hvar Bootfeest<\/a>Een unieke manier om te genieten van de levendige sfeer op het beroemde Kroatische eiland Hvar.<\/p>","protected":false},"excerpt":{"rendered":"<p>Ik werk al vele jaren in het toerisme en ik heb altijd iets unieks willen cre\u00ebren dat mijn creatieve vonk zou weerspiegelen.  Kroati\u00eb is altijd een van mijn favoriete zomerbestemmingen geweest. Kiezelstranden, kristalhelder water, eindeloze dagen zon en een heerlijke keuken zijn maar een paar van de dingen die ... <a href=\"https:\/\/bikeandboatcroatia.com\/nl\/about-us\/\">Vervolg<\/a><\/p>","protected":false},"author":39,"featured_media":187,"parent":0,"menu_order":0,"comment_status":"open","ping_status":"open","template":"","meta":{"footnotes":""},"class_list":["post-39","page","type-page","status-publish","has-post-thumbnail","hentry"],"acf":{"page_subheading":"We are Croatia Bike and Boat, and here, you can learn more about our mission, how our company came to be, and how it evolved over the years."},"_links":{"self":[{"href":"https:\/\/bikeandboatcroatia.com\/nl\/wp-json\/wp\/v2\/pages\/39","targetHints":{"allow":["GET"]}}],"collection":[{"href":"https:\/\/bikeandboatcroatia.com\/nl\/wp-json\/wp\/v2\/pages"}],"about":[{"href":"https:\/\/bikeandboatcroatia.com\/nl\/wp-json\/wp\/v2\/types\/page"}],"author":[{"embeddable":true,"href":"https:\/\/bikeandboatcroatia.com\/nl\/wp-json\/wp\/v2\/users\/39"}],"replies":[{"embeddable":true,"href":"https:\/\/bikeandboatcroatia.com\/nl\/wp-json\/wp\/v2\/comments?post=39"}],"version-history":[{"count":17,"href":"https:\/\/bikeandboatcroatia.com\/nl\/wp-json\/wp\/v2\/pages\/39\/revisions"}],"predecessor-version":[{"id":12379,"href":"https:\/\/bikeandboatcroatia.com\/nl\/wp-json\/wp\/v2\/pages\/39\/revisions\/12379"}],"wp:featuredmedia":[{"embeddable":true,"href":"https:\/\/bikeandboatcroatia.com\/nl\/wp-json\/wp\/v2\/media\/187"}],"wp:attachment":[{"href":"https:\/\/bikeandboatcroatia.com\/nl\/wp-json\/wp\/v2\/media?parent=39"}],"curies":[{"name":"wp","href":"https:\/\/api.w.org\/{rel}","templated":true}]}}