{"id":39,"date":"2023-01-16T13:14:25","date_gmt":"2023-01-16T13:14:25","guid":{"rendered":"https:\/\/bikeandboatcroatia.com\/about-us\/"},"modified":"2024-07-30T07:04:15","modified_gmt":"2024-07-30T07:04:15","slug":"uber-uns","status":"publish","type":"page","link":"https:\/\/bikeandboatcroatia.com\/de\/about-us\/","title":{"rendered":"\u00dcber uns"},"content":{"rendered":"<p>Ich bin schon seit vielen Jahren im Tourismus t\u00e4tig und wollte schon immer etwas Einzigartiges schaffen, das meinen kreativen Funken widerspiegelt.&nbsp;<\/p>\n\n\n\n<p>Kroatien war schon immer eines meiner Lieblingsreiseziele im Sommer. Kieselstr\u00e4nde, kristallklares Wasser, endlose Sonnentage und eine k\u00f6stliche K\u00fcche sind nur einige der Dinge, die dieses Land auszeichnen.<\/p>\n\n\n\n<p>Aber, wie gesagt, ich bin eine abenteuerlustige Seele. Ich versuche immer, meinen Urlaub mit etwas Einzigartigem zu bereichern. Und Kroatien hat zuf\u00e4llig die <strong>ideale Landschaft zum Radfahren<\/strong> mit seinen malerischen K\u00fcsten und Inseln.<\/p>\n\n\n\n<figure class=\"wp-block-image size-large\"><img loading=\"lazy\" decoding=\"async\" width=\"1024\" height=\"768\" src=\"https:\/\/bikeandboatcroatia.com\/wp-content\/uploads\/cyclist-croatia-1024x768.webp\" alt=\"Radfahrer kroatien\" class=\"wp-image-493\" srcset=\"https:\/\/bikeandboatcroatia.com\/wp-content\/uploads\/cyclist-croatia-1024x768.webp 1024w, https:\/\/bikeandboatcroatia.com\/wp-content\/uploads\/cyclist-croatia-300x225.webp 300w, https:\/\/bikeandboatcroatia.com\/wp-content\/uploads\/cyclist-croatia-768x576.webp 768w, https:\/\/bikeandboatcroatia.com\/wp-content\/uploads\/cyclist-croatia-1536x1152.webp 1536w, https:\/\/bikeandboatcroatia.com\/wp-content\/uploads\/cyclist-croatia-2048x1536.webp 2048w, https:\/\/bikeandboatcroatia.com\/wp-content\/uploads\/cyclist-croatia-16x12.webp 16w, https:\/\/bikeandboatcroatia.com\/wp-content\/uploads\/cyclist-croatia-scaled.webp 1920w\" sizes=\"auto, (max-width: 1024px) 100vw, 1024px\" \/><figcaption class=\"wp-element-caption\">Unendliches Meer, maximaler Komfort und abenteuerliches Radfahren<\/figcaption><\/figure>\n\n\n\n<p>Daher erschien mir Inselh\u00fcpfen mit Rad und Boot in Kroatien schon immer als eine spannende Idee. Mit der Gr\u00fcndung von Croatia Bike and Boat kann ich mein umfangreiches Wissen \u00fcber Kroatien teilen und <strong>helfen Ihnen bei der Koordinierung Ihres Urlaubs<\/strong> wie ich schon vielen geholfen habe.<\/p>\n\n\n\n<p>Unsere Reisen sind sorgf\u00e4ltig konzipiert und beruhen auf jahrelanger Forschung und Erfahrung. So k\u00f6nnen wir sicher sein, dass jeder unserer Kunden mit seiner Reise zufrieden sein wird und m\u00f6glicherweise wieder mit uns reisen m\u00f6chte.<\/p>\n\n\n\n<h2 class=\"wp-block-heading\">Ein Team von engagierten Reiseexperten<\/h2>\n\n\n\n<p>Im Laufe der Jahre habe ich ein Team um mich versammelt. Es besteht aus Menschen, die eine \u00e4hnliche Leidenschaft f\u00fcr das Reisen teilen wie ich und sich f\u00fcr <strong>anderen Menschen helfen, ihren Traumurlaub zu erleben<\/strong>. Wir haben alle Erfahrung im Bereich des Tourismus, und es gibt kein Problem, mit dem wir noch nicht konfrontiert waren.<\/p>\n\n\n\n<p>Wir sind auf alles vorbereitet, was Sie uns vorsetzen k\u00f6nnen.<\/p>\n\n\n\n<figure class=\"wp-block-image size-large\"><img loading=\"lazy\" decoding=\"async\" width=\"1024\" height=\"683\" src=\"https:\/\/bikeandboatcroatia.com\/wp-content\/uploads\/biking-croatia-1024x683.webp\" alt=\"Radfahren in Katalonien\" class=\"wp-image-490\" srcset=\"https:\/\/bikeandboatcroatia.com\/wp-content\/uploads\/biking-croatia-1024x683.webp 1024w, https:\/\/bikeandboatcroatia.com\/wp-content\/uploads\/biking-croatia-300x200.webp 300w, https:\/\/bikeandboatcroatia.com\/wp-content\/uploads\/biking-croatia-768x512.webp 768w, https:\/\/bikeandboatcroatia.com\/wp-content\/uploads\/biking-croatia-1536x1024.webp 1536w, https:\/\/bikeandboatcroatia.com\/wp-content\/uploads\/biking-croatia-2048x1365.webp 2048w, https:\/\/bikeandboatcroatia.com\/wp-content\/uploads\/biking-croatia-18x12.webp 18w, https:\/\/bikeandboatcroatia.com\/wp-content\/uploads\/biking-croatia-scaled.webp 1920w\" sizes=\"auto, (max-width: 1024px) 100vw, 1024px\" \/><figcaption class=\"wp-element-caption\">Bei unseren Ferien wird es Ihnen an nichts fehlen<\/figcaption><\/figure>\n\n\n\n<p>Unsere Aufgabe ist es, Ihren Fahrrad- und Bootsurlaub so angenehm wie m\u00f6glich zu gestalten.<strong> Problemlos<\/strong> indem wir Sie von allen unn\u00f6tigen Aufgaben entlasten und daf\u00fcr sorgen, dass alles reibungslos l\u00e4uft. Wir sind zuversichtlich, dass wir das erreichen k\u00f6nnen, so wie wir es bisher bei Tausenden unserer Kunden getan haben.<\/p>\n\n\n\n<h2 class=\"wp-block-heading\">Buchen Sie Ihr Fahrrad- und Bootsabenteuer!<\/h2>\n\n\n\n<p>Wenn Sie eine Rad- und Schiffsreise entlang der Adriak\u00fcste unternehmen m\u00f6chten, ist es am einfachsten, wenn Sie eine Tour bei uns buchen und <strong>wir werden uns um alles k\u00fcmmern<\/strong> sonst. Wir bringen Sie in Ihrer bevorzugten Kabine unter, versorgen Sie mit lokalen Tipps und bieten Ihnen rund um die Uhr Unterst\u00fctzung, w\u00e4hrend die Bootsbesatzung und die Fahrradf\u00fchrer daf\u00fcr sorgen, dass Sie w\u00e4hrend der Kreuzfahrt alles haben, was Sie brauchen.<\/p>\n\n\n\n<p>St\u00f6bern Sie in unserer Auswahl der besten <a href=\"https:\/\/bikeandboatcroatia.com\/de\/touren\/\">Inselh\u00fcpfen mit Fahrrad und Boot in Kroatien<\/a>w\u00e4hlen Sie die gew\u00fcnschten Daten f\u00fcr Ihren Besuch aus, und <a href=\"https:\/\/bikeandboatcroatia.com\/de\/anfrage\/\">Nehmen Sie Kontakt mit uns auf<\/a> damit wir mit der Bearbeitung Ihrer Buchung beginnen k\u00f6nnen!<\/p>\n\n\n\n<figure class=\"wp-block-image size-large is-resized\"><img loading=\"lazy\" decoding=\"async\" width=\"1024\" height=\"682\" src=\"https:\/\/bikeandboatcroatia.com\/wp-content\/uploads\/ps-ship-1-7-1024x682.webp\" alt=\"Ps Schiff\" class=\"wp-image-546\" style=\"width:1190px;height:auto\" srcset=\"https:\/\/bikeandboatcroatia.com\/wp-content\/uploads\/ps-ship-1-7-1024x682.webp 1024w, https:\/\/bikeandboatcroatia.com\/wp-content\/uploads\/ps-ship-1-7-300x200.webp 300w, https:\/\/bikeandboatcroatia.com\/wp-content\/uploads\/ps-ship-1-7-768x512.webp 768w, https:\/\/bikeandboatcroatia.com\/wp-content\/uploads\/ps-ship-1-7-1536x1023.webp 1536w, https:\/\/bikeandboatcroatia.com\/wp-content\/uploads\/ps-ship-1-7-18x12.webp 18w, https:\/\/bikeandboatcroatia.com\/wp-content\/uploads\/ps-ship-1-7.webp 1600w\" sizes=\"auto, (max-width: 1024px) 100vw, 1024px\" \/><figcaption class=\"wp-element-caption\">Alles einsteigen!<\/figcaption><\/figure>\n\n\n\n<p>Wenn Sie das Gef\u00fchl haben, dass unsere Dienstleistungen nicht Ihren Vorstellungen entsprechen, k\u00f6nnen Sie sich bei unseren Partnern erkundigen, die alle einen unvergesslichen Urlaub am kroatischen Meer anbieten:<\/p>\n\n\n\n<ul class=\"wp-block-list\">\n<li><a href=\"https:\/\/croatiaislandcruises.com\/\">Kroatien Inselkreuzfahrten<\/a><\/li>\n\n\n\n<li><a href=\"https:\/\/luxuryyachtchartercroatia.com\/\">Luxusyachtcharter Kroatien<\/a><\/li>\n\n\n\n<li><a href=\"https:\/\/croatia-gulet.com\/\">Kroatien Gulet<\/a><\/li>\n\n\n\n<li><a href=\"https:\/\/smallshipcruisescroatia.com\/\">Kleine Schiffskreuzfahrten Kroatien<\/a><\/li>\n\n\n\n<li><a href=\"https:\/\/island-hopping-croatia.com\/\">Inselh\u00fcpfen Kroatien<\/a><\/li>\n<\/ul>\n\n\n\n<p>Und es gibt auch andere M\u00f6glichkeiten, Kroatien zu genie\u00dfen, die Sie ebenfalls in Betracht ziehen k\u00f6nnen:<\/p>\n\n\n\n<ul class=\"wp-block-list\">\n<li><a href=\"https:\/\/croatia-tours.com\/\">Kroatien Touren<\/a><\/li>\n\n\n\n<li><a href=\"https:\/\/activityholidayscroatia.com\/\">Aktivurlaub Kroatien<\/a><\/li>\n\n\n\n<li><a href=\"https:\/\/familyholidayscroatia.com\/\">Familienurlaub Kroatien<\/a><\/li>\n<\/ul>\n\n\n\n<p>F\u00fcr diejenigen, die ihr Fahrrad- und Bootsabenteuer mit einem lebendigen und energiegeladenen Erlebnis erg\u00e4nzen m\u00f6chten, empfehlen wir einen Ausflug in die <a href=\"https:\/\/hvar-boat-party.com\/\">Hvar Boot Party<\/a>eine einzigartige M\u00f6glichkeit, die lebendige Atmosph\u00e4re der ber\u00fchmten kroatischen Insel Hvar zu genie\u00dfen.<\/p>","protected":false},"excerpt":{"rendered":"<p>Ich bin seit vielen Jahren im Tourismus t\u00e4tig und wollte schon immer etwas Einzigartiges schaffen, das meinen kreativen Funken widerspiegelt.  Kroatien war schon immer eines meiner Lieblingsziele f\u00fcr den Sommer. Kieselstr\u00e4nde, kristallklares Wasser, endlose Sonnentage und eine k\u00f6stliche K\u00fcche sind nur einige der Dinge, die mich ... <a href=\"https:\/\/bikeandboatcroatia.com\/de\/about-us\/\">Fortsetzung<\/a><\/p>","protected":false},"author":39,"featured_media":187,"parent":0,"menu_order":0,"comment_status":"open","ping_status":"open","template":"","meta":{"footnotes":""},"class_list":["post-39","page","type-page","status-publish","has-post-thumbnail","hentry"],"acf":{"page_subheading":"We are Croatia Bike and Boat, and here, you can learn more about our mission, how our company came to be, and how it evolved over the years."},"_links":{"self":[{"href":"https:\/\/bikeandboatcroatia.com\/de\/wp-json\/wp\/v2\/pages\/39","targetHints":{"allow":["GET"]}}],"collection":[{"href":"https:\/\/bikeandboatcroatia.com\/de\/wp-json\/wp\/v2\/pages"}],"about":[{"href":"https:\/\/bikeandboatcroatia.com\/de\/wp-json\/wp\/v2\/types\/page"}],"author":[{"embeddable":true,"href":"https:\/\/bikeandboatcroatia.com\/de\/wp-json\/wp\/v2\/users\/39"}],"replies":[{"embeddable":true,"href":"https:\/\/bikeandboatcroatia.com\/de\/wp-json\/wp\/v2\/comments?post=39"}],"version-history":[{"count":17,"href":"https:\/\/bikeandboatcroatia.com\/de\/wp-json\/wp\/v2\/pages\/39\/revisions"}],"predecessor-version":[{"id":12379,"href":"https:\/\/bikeandboatcroatia.com\/de\/wp-json\/wp\/v2\/pages\/39\/revisions\/12379"}],"wp:featuredmedia":[{"embeddable":true,"href":"https:\/\/bikeandboatcroatia.com\/de\/wp-json\/wp\/v2\/media\/187"}],"wp:attachment":[{"href":"https:\/\/bikeandboatcroatia.com\/de\/wp-json\/wp\/v2\/media?parent=39"}],"curies":[{"name":"wp","href":"https:\/\/api.w.org\/{rel}","templated":true}]}}